{"id":253,"date":"2022-11-14T18:04:26","date_gmt":"2022-11-14T18:04:26","guid":{"rendered":"https:\/\/fibrespeed.es\/?page_id=53"},"modified":"2024-11-23T00:05:38","modified_gmt":"2024-11-23T00:05:38","slug":"broadband-offer-clone-clone","status":"publish","type":"page","link":"https:\/\/fibrespeed.es\/es\/broadband-offer-clone-clone\/","title":{"rendered":"Broadband offer Clone Clone"},"content":{"rendered":"<p>Normally an installation can be done next day, but at times due to heavy demand or due to some emergency<br>situation may need to be scheduled&nbsp; up to 5 days later or more.<br><\/p><pre class=\"lang-html s-code-block\"><code class=\"hljs language-xml\"><span class=\"hljs-tag\"><\/span>\n<\/code><\/pre>\n\n\n\n\n\n\n<p>&nbsp;Una instalaci\u00f3n est\u00e1ndar, que incluye proporcionar un enrutador, receptor, unidades de fuente de alimentaci\u00f3n y hasta 15 metros de cableado.<br>con un contrato de permanencia de 24 meses solo costar\u00eda 1 \u20ac!<br>Para un contrato de permanencia de 12 meses, la Instalaci\u00f3n Est\u00e1ndar costar\u00eda 49,00 \u20ac<br>A standard installation for people wanting a No fixed Term contract would cost 159.00\u20ac<br><\/p>\n\n\n\n\n\n\n<p>Si la instalaci\u00f3n requiere m\u00e1s de 15 metros de cableado o el cliente elige actualizar desde el enrutador<br>est\u00e1ndar hay costos adicionales por el equipo, los materiales suministrados y la mano de obra de los ingenieros. Estos precios cambian tiempo,<br>ero el cliente puede ser informado de estos en cualquier momento, ya sea hablando con la Mesa de Ayuda o escribiendo a<br>info@fibrespeed.es<br><\/p>\n\n\n\n\n\n\n<p><\/p><p>The best way is contact with us by official company WhatsApp in any case (0034) 621-276-688 or by e-mail: info@fibrespeed.es.&nbsp;<\/p><p>By an appointment &nbsp;You can also visit us in the office, We are working in the environment friendly method so the electronic channels are the best.<br><\/p>\n\n\n\n\n\n\n<p>&nbsp;Payment for any of your FibreSpeed services can:<\/p><p>Sea el mes de domiciliaci\u00f3n bancaria desde su cuenta bancaria.<br>o se puede realizar un pago en la cuenta de los clientes de FibreSpeed (IBAN: ES49 2100 1522 1602 0031 7148),<br>sure to put your customer reference number or NIE\/DNI and name as a reference on the payment.<br><\/p>\n\n\n\n\n\n\n<p>Sus pagos por los servicios de FibreSpeed vencen el mismo d\u00eda de cada mes y comenzar\u00e1n a partir del d\u00eda<br>en que Los servicios fueron instalados y encendidos.<br><\/p>\n\n\n\n\n\n\n<p>Yes. Simply log in to customer account where You can find settings for WiFi, Your saldo, also You can download there invoices.<br><\/p>\n\n\n\n\n\n\n<p>Yes. Simply log in to customer account where You can find settings for WiFi, Your saldo, also You can download there invoices.<br><\/p>\n\n\n\n\n\n\n<p>Wi-Fi (\"fidelidad inal\u00e1mbrica\") es una tecnolog\u00eda de comunicaci\u00f3n por radio que permite la creaci\u00f3n de redes inal\u00e1mbricas de banda ancha locales.<br>(11 to 3000 Mb\/s).The range of wireless networks is 20 to 50 metres indoors and up to about 100 metres outdoors.<br>Las computadoras, impresoras, tel\u00e9fonos, consolas de juegos, etc.que cuentan con la funci\u00f3n Wi-Fi est\u00e1n todas equipadas con una onda de radio.<br>transmisor \/ receptor o \"transceptor\" a muy baja potencia, que hoy en d\u00eda siempre est\u00e1 por debajo de 0,1 vatios. Wi-Fi se utiliza principalmente para acceso<br>de alta velocidad a Internet. Los dispositivos con la funci\u00f3n Wi-Fi se conectan de forma inal\u00e1mbrica a una caja o terminal en p\u00fablico<br>lugares: estaciones de tren, restaurantes, jardines, aeropuertos, etc<br>La tecnolog\u00eda Wi-Fi moderna incluye varias normas y varias bandas de frecuencia. Las 2 bandas de frecuencia autorizadas para Wi-<br>Fi are 2.4 GHz and 5 GHz and the most widely used norms offer speeds 3000 Mbit\/sec.<br>Todos los enrutadores FibreSpeed transmiten en las frecuencias de 2,4 Ghz y 5 Ghz.<br><\/p>\n\n\n\n\n\n\n<p>La Organizaci\u00f3n Mundial de la Salud (OMS) la Agencia del Reino Unido para la Protecci\u00f3n de la Salud (Agencia de Protecci\u00f3n de la Salud<br>y Canad\u00e1) indican que, dados los niveles de exposici\u00f3n muy bajos y los resultados de la investigaci\u00f3n obtenidos hasta la fecha, no hay<br>evidencia cient\u00edfica de posibles efectos adversos para la salud de las redes inal\u00e1mbricas, que incluyen redes Wi-Fi.<br><\/p>\n\n\n\n\n\n\n<p>Con respecto a los CEM irradiados por las estaciones base, la experiencia internacional est\u00e1 de acuerdo en que, con el estado actual de la ciencia<br>conocimiento, y dados los bajos niveles de exposici\u00f3n a campos electromagn\u00e9ticos alrededor de las estaciones base, la suposici\u00f3n de un El riesgo para la<br>salud de las personas que viven cerca de estas estaciones ha sido rechazado por todos los comit\u00e9s de salud independientes.<br><\/p>\n\n\n\n\n\n\n<p>Una red m\u00f3vil se compone de una red de estaciones base, cada una de las cuales cubre un \u00e1rea delimitada (celda) y un enrutamiento.<br>comunicaciones en forma de ondas de radio hacia y desde los terminales<br>de los usuarios Las comunicaciones m\u00f3viles siguen el principio general de la telefon\u00eda: conectar dos usuarios remotos a trav\u00e9s de la red<br>equipo de un operador responsable de la gesti\u00f3n del servicio. Pero a diferencia de los tel\u00e9fonos fijos, en la red m\u00f3vil,<br>no es alambres de cobre o fibra \u00f3ptica pero transmisiones de radio que proporcionan el enlace final. El tel\u00e9fono m\u00f3vil de un usuario se comunica a<br>trav\u00e9s del aire con una antena de estaci\u00f3n base, que a su vez enlaza con el intercambio central del operador - un computadora.<br>Esto enruta la comunicaci\u00f3n a la parte correspondiente en la red fija o a trav\u00e9s de otras estaciones base.<br>Para comunicarse, un usuario m\u00f3vil debe estar dentro del alcance de las estaciones base. Esto tiene un rango limitado y cubre solo una peque\u00f1a el \u00e1rea<br>a su alrededor se llama \"c\u00e9lula\" (de ah\u00ed el nombre alternativo de \"redes m\u00f3viles\" que se utiliza a menudo para las redes m\u00f3viles). Para cubrir el m\u00e1ximo territorio y garantizar que los usuarios siempre puedan llamar, los operadores despliegan miles de c\u00e9lulas, cada<br>una equipado con antenas, asegurando que sus celdas se superpongan y as\u00ed nunca pierdan la ubicaci\u00f3n actual de los usuarios.<br><\/p>\n\n\n\n\n\n\n<p>El tama\u00f1o de la celda depende de muchos factores, como el tipo de estaciones base utilizadas, el terreno (llanuras, monta\u00f1as, valles, etc.),<br>ubicaci\u00f3n de la instalaci\u00f3n (zonas rurales o urbanas) y densidad de poblaci\u00f3n. El tama\u00f1o de la celda tambi\u00e9n est\u00e1 limitado por el alcance del m\u00f3vil.<br>tel\u00e9fono, que debe poder realizar el enlace de devoluci\u00f3n.<br>Y, lo que es m\u00e1s importante, las estaciones base tienen una capacidad de transmisi\u00f3n limitada y solo pueden manejar un cierto n\u00famero de<br>llamadas simult\u00e1neas. Esta es la raz\u00f3n por la que, en las zonas urbanas, donde la densidad de poblaci\u00f3n es alta y existe una significativa<br>n\u00famero de comunicaciones, las celdas tienden a ser numerosas y peque\u00f1as, a cientos o incluso a solo decenas de metros de distancia. En las<br>zonas rurales \u00e1reas, donde la densidad de poblaci\u00f3n es mucho menor, el tama\u00f1o de la celda es mucho mayor, a veces hasta varios kil\u00f3metros, pero rara vez<br>upera los diez kil\u00f3metros.<br>Es importante destacar que reducir la potencia de la se\u00f1al emitida por las estaciones base a su vez reduce la cobertura<br>de las c\u00e9lulas. Mejorar la capacidad de la red para transportar llamadas de voz o tr\u00e1fico de datos implica necesariamente aumentar<br>la n\u00famero de estaciones base.<br><\/p>\n\n\n\n\n\n\n<p>2G Constituyendo uno de los primeros sistemas m\u00f3viles digitales, 2G es la segunda generaci\u00f3n de tecnolog\u00eda de telefon\u00eda m\u00f3vil. El principal<br>Los est\u00e1ndares 2G son GSM, IS-95, que se utiliza principalmente en Am\u00e9rica, y PDC, que se utiliza exclusivamente en Jap\u00f3n.<br><br>3G 3G se refiere a la tercera generaci\u00f3n de est\u00e1ndares de telefon\u00eda m\u00f3vil, representada principalmente por UMTS y CDMA2000<br>normas. Consiste en sistemas de datos y voz m\u00f3viles digitales que admiten servicios de datos de banda ancha y permite m\u00e1s Salidas<br>eficientes y m\u00e1s r\u00e1pidas que la generaci\u00f3n anterior.<br><br>4G Cuarta generaci\u00f3n de est\u00e1ndares de telefon\u00eda m\u00f3vil, marca el advenimiento de la \u201cbanda ancha m\u00f3vil\u201d, muy superior a 3G.<br>los El est\u00e1ndar 4G actual es Long Term Evolution (LTE) y LTE-Advanced.<br><br>amplitud La amplitud describe el tama\u00f1o de una onda, es decir, el valor m\u00e1ximo (m\u00ednimo) que puede alcanzar.<br><br>antena Una antena de radio es un dispositivo que se utiliza para transmitir o recibir ondas electromagn\u00e9ticas.<br><br>bluetooth Tecnolog\u00eda de radio de corto alcance que permite conectar varios tipos de dispositivos inal\u00e1mbricos.<br><br>celda Traza un \u00e1rea geogr\u00e1fica cubierta por una estaci\u00f3n base. El tama\u00f1o de la celda puede variar desde unas pocas decenas de metros hasta decenas de<br>kil\u00f3metros.<br><br>campo electromagn\u00e9tico De origen natural o artificial, los campos electromagn\u00e9ticos aparecen cuando se mueven cargas el\u00e9ctricas. Resultan de la<br>combinaci\u00f3n de dos ondas, una magn\u00e9tica y otra el\u00e9ctrica, que se propagan a la velocidad de la luz. Las ondas electromagn\u00e9ticas se utilizan en particular<br>para transmitir y recibir se\u00f1ales de tel\u00e9fonos m\u00f3viles y sus estaciones base.<br><br>Cobertura Territorio sobre el que est\u00e1 disponible una red m\u00f3vil espec\u00edfica.<br>SAR El \u00edndice de tasa de absorci\u00f3n espec\u00edfica (SAR) que cuantifica el nivel de exposici\u00f3n del cuerpo humano a las ondas de radio.<br>local o globalmente. Para un tel\u00e9fono m\u00f3vil, cuantifica el nivel m\u00e1ximo de exposici\u00f3n cuando la unidad se coloca contra el o\u00eddo.<br>y trabajando a m\u00e1xima potencia. Se mide en W \/ kg.<br><br>Despliegue Acci\u00f3n para extender una red inal\u00e1mbrica.<br><br>dosimetr\u00eda Determinaci\u00f3n, por c\u00e1lculo o medici\u00f3n, de la exposici\u00f3n a ondas de radio.<br><br>epidemiolog\u00eda Estudio de la frecuencia, distribuci\u00f3n geogr\u00e1fica y condiciones de aparici\u00f3n de la enfermedad.<br><br>exposici\u00f3n T\u00e9rmino utilizado para describir la cantidad total de energ\u00eda de un campo electromagn\u00e9tico recibida en una ubicaci\u00f3n.<br>Ver tambi\u00e9n SAR.<br><br>femtocell Una femtocell es un punto de acceso de baja potencia a redes m\u00f3viles destinado a proporcionar una cobertura de radio limitada y a menudo<br>dedicado al uso residencial o comercial.<br><br>frecuencia N\u00famero de ondas id\u00e9nticas (oscilaciones o vibraciones) en una unidad de tiempo determinada. La unidad de frecuencia es el hercio.<br><br>GSM El est\u00e1ndar de segunda generaci\u00f3n (2G), el m\u00e1s conocido y extendido en el mundo para los sistemas de telefon\u00eda m\u00f3vil.<br>GSM significa \"Sistema global para comunicaciones m\u00f3viles\".<br><br>traspaso La transferencia de informaci\u00f3n (comunicaci\u00f3n, localizaci\u00f3n, etc.) de un m\u00f3vil de una celda a otra.<br><br>hertz La unidad de frecuencia utilizada internacionalmente, igual a un per\u00edodo por segundo. Su s\u00edmbolo es Hz.<br><br>longitud de onda La longitud de onda es la distancia recorrida por una onda en el tiempo entre dos picos sucesivos.<br><br>LTE LTE o \"Long Term Evolution\" es un est\u00e1ndar de cuarta generaci\u00f3n (4G) definido por el Proyecto de asociaci\u00f3n de tercera generaci\u00f3n<br>consorcio (3GPP).<br><br>Onda de radio Una onda de radio es una onda electromagn\u00e9tica cuya frecuencia se encuentra convencionalmente entre 9 kHz y 300 GHz.<br><br>OMS La Organizaci\u00f3n Mundial de la Salud es una agencia de las Naciones Unidas (ONU) especializada en temas de salud p\u00fablica.<br><br>frecuencia de radio Ver onda de radio.<br><br>Radiaci\u00f3n ionizante La radiaci\u00f3n ionizante es una onda que tiene la energ\u00eda suficiente para romper \u00e1tomos o mol\u00e9culas (ionizaci\u00f3n): UV, X<br>rayos, rayos gamma.<br><br>Radiaci\u00f3n no ionizante La radiaci\u00f3n no ionizante no transporta suficiente energ\u00eda electromagn\u00e9tica para causar ionizaci\u00f3n.<br>Tal la radiaci\u00f3n incluye microondas, ondas de radio, ondas infrarrojas o luz visible.<br><br>espectro electromagn\u00e9tico Se refiere al rango de longitudes de onda de las ondas electromagn\u00e9ticas, desde la m\u00e1s larga hasta la m\u00e1s corto. La parte m\u00e1s<br>baja del espectro con longitudes de onda significativas es no ionizante, mientras que la parte superior del El espectro con longitudes de onda muy cortas<br>es ionizante (rayos X, rayos gamma).<br><br>estaci\u00f3n base Equipos transmisores y receptores de radio con antena que se utilizan para transmitir y recibir voz y datos a y desde tel\u00e9fonos m\u00f3viles en<br>una celda determinada. Un t\u00e9rmino equivalente es antena de retransmisi\u00f3n.<br><br>Traspaso Ver \"traspaso\".<br><br>UMTS UMTS o \u201cUniversal Mobile Telecommunications System\u201d es uno de los est\u00e1ndares correspondientes a la 3\u00aa generaci\u00f3n.<br>tel\u00e9fonos m\u00f3viles.<br><br>valor l\u00edmite Nivel de exposici\u00f3n m\u00e1xima permitida a ondas de radio expresado en W \/ kg.<br><br>Tecnolog\u00eda inal\u00e1mbrica Wi-Fi para conectar varios dispositivos entre s\u00ed a trav\u00e9s de un punto de acceso a Internet.<br><\/p>","protected":false},"excerpt":{"rendered":"","protected":false},"author":1,"featured_media":0,"parent":0,"menu_order":0,"comment_status":"closed","ping_status":"closed","template":"","meta":{"pagelayer_contact_templates":[],"_pagelayer_content":"","footnotes":""},"class_list":["post-253","page","type-page","status-publish","hentry"],"_links":{"self":[{"href":"https:\/\/fibrespeed.es\/es\/wp-json\/wp\/v2\/pages\/253","targetHints":{"allow":["GET"]}}],"collection":[{"href":"https:\/\/fibrespeed.es\/es\/wp-json\/wp\/v2\/pages"}],"about":[{"href":"https:\/\/fibrespeed.es\/es\/wp-json\/wp\/v2\/types\/page"}],"author":[{"embeddable":true,"href":"https:\/\/fibrespeed.es\/es\/wp-json\/wp\/v2\/users\/1"}],"replies":[{"embeddable":true,"href":"https:\/\/fibrespeed.es\/es\/wp-json\/wp\/v2\/comments?post=253"}],"version-history":[{"count":34,"href":"https:\/\/fibrespeed.es\/es\/wp-json\/wp\/v2\/pages\/253\/revisions"}],"predecessor-version":[{"id":690,"href":"https:\/\/fibrespeed.es\/es\/wp-json\/wp\/v2\/pages\/253\/revisions\/690"}],"wp:attachment":[{"href":"https:\/\/fibrespeed.es\/es\/wp-json\/wp\/v2\/media?parent=253"}],"curies":[{"name":"wp","href":"https:\/\/api.w.org\/{rel}","templated":true}]}}